{"id":1214,"date":"2024-11-01T19:18:54","date_gmt":"2024-11-01T22:18:54","guid":{"rendered":"https:\/\/isfd79-bue.infd.edu.ar\/sitio\/?page_id=1214"},"modified":"2024-11-11T12:28:38","modified_gmt":"2024-11-11T15:28:38","slug":"docentes-2","status":"publish","type":"page","link":"https:\/\/isfd79-bue.infd.edu.ar\/sitio\/docentes-2\/","title":{"rendered":"Docentes"},"content":{"rendered":"\n<!DOCTYPE html>\n<html lang=\"es\">\n<head>\n    <meta charset=\"UTF-8\">\n    <meta name=\"viewport\" content=\"width=device-width, initial-scale=1.0\">\n    <title>Autoridades del Instituto 79<\/title>\n    <style>\n    .container {\n        display: flex;\n        flex-wrap: wrap;\n        gap: 20px;\n        justify-content: center;\n    }\n    .card {\n        width: 200px;\n        border-radius: 10px;\n        box-shadow: 0 4px 8px rgba(0, 0, 0, 0.1);\n        text-align: center;\n        overflow: hidden;\n        background-color: #fff;\n        padding: 10px;\n    }\n    .card img {\n        width: 100%;\n        height: 250px;\n        object-fit: cover;\n        border-radius: 10px 10px 0 0;\n    }\n    .card h3 {\n        margin: 10px 0;\n        font-size: 1.1em;\n        font-weight: bold;\n    }\n\n  .container-no-img {\n        display: flex;\n        flex-wrap: wrap;\n        gap: 15px;\n        justify-content: center;\n    }\n    .card-no-img {\n        width: 180px;\n        border-radius: 10px;\n        box-shadow: 0 2px 5px rgba(0, 0, 0, 0.1);\n        text-align: center;\n        background-color: #f9f9f9;\n        padding: 20px;\n        margin: 10px;\n    }\n    .card-no-img h3 {\n        margin: 10px 0;\n        font-size: 1.1em;\n        font-weight: bold;\n    }\n<\/style>\n<\/head>\n<body>\n    <h1>Autoridades del Instituto 79<\/h1>\n\n    <h2>Equipo de Conducci\u00f3n<\/h2>\n    <div class=\"container\">\n        <!-- Tarjetas de autoridades -->\n        <div class=\"card\">\n            <img decoding=\"async\" src=\"https:\/\/isfd79-bue.infd.edu.ar\/sitio\/wp-content\/uploads\/2024\/11\/ZORZI-BRIZUELA-SILVIA.jpeg\" alt=\"ZORZI BRIZUELA, Silvia In\u00e9s\">\n            <h3>Dra. Silvia In\u00e9s Zorzi Brizuela<\/h3>\n            <p>Directora<\/p>\n        <\/div>\n        <div class=\"card\">\n            <img decoding=\"async\" src=\"https:\/\/isfd79-bue.infd.edu.ar\/sitio\/wp-content\/uploads\/2024\/11\/BLANCO-MARI\u0301A-JOSE\u0301.jpeg\" alt=\"BLANCO, Mar\u00eda Jos\u00e9\">\n            <h3>Prof. Mar\u00eda Jos\u00e9 Blanco<\/h3>\n            <p>Vicedirectora<\/p>\n        <\/div>\n        <div class=\"card\">\n            <img decoding=\"async\" src=\"https:\/\/isfd79-bue.infd.edu.ar\/sitio\/wp-content\/uploads\/2024\/11\/BIRSA-ROMINA.jpeg\" alt=\"BIRSA, Romina\">\n            <h3>Prof. Romina Birsa<\/h3>\n            <p>Regente<\/p>\n        <\/div>\n        <div class=\"card\">\n            <img decoding=\"async\" src=\"https:\/\/isfd79-bue.infd.edu.ar\/sitio\/wp-content\/uploads\/2024\/11\/MILILLO-CRISTIAN.jpeg\" alt=\"MILILLO, Cristian\">\n            <h3>Prof. Cristian Milillo<\/h3>\n            <p>Secretario a\/cargo<\/p>\n        <\/div>\n        <div class=\"card\">\n            <img decoding=\"async\" src=\"https:\/\/isfd79-bue.infd.edu.ar\/sitio\/wp-content\/uploads\/2024\/11\/RODRIGUEZ-MONICA.jpeg\" alt=\"RODRIGUEZ, M\u00f3nica\">\n            <h3>Lic. M\u00f3nica Rodriguez<\/h3>\n            <p>Jefe de \u00c1rea<\/p>\n        <\/div>\n    <\/div>\n\n    <h2>Preceptores<\/h2>\n    <div class=\"container\">\n        <div class=\"card\">\n            <img decoding=\"async\" src=\"https:\/\/isfd79-bue.infd.edu.ar\/sitio\/wp-content\/uploads\/2024\/11\/CORREA-ISABEL.jpeg\" alt=\"CORREA, Mar\u00eda Isabel\">\n            <h3>Mar\u00eda Isabel Correa<\/h3>\n            <p>Turno Ma\u00f1ana<\/p>\n        <\/div>\n        <div class=\"card\">\n            <img decoding=\"async\" src=\"https:\/\/isfd79-bue.infd.edu.ar\/sitio\/wp-content\/uploads\/2024\/11\/STEBE-DAVID.jpeg\" alt=\"STEBE, Lucas David\">\n            <h3>Lucas David Stebe<\/h3>\n            <p>Turno Ma\u00f1ana y Vespertino<\/p>\n        <\/div>\n        <div class=\"card\">\n            <img decoding=\"async\" src=\"https:\/\/isfd79-bue.infd.edu.ar\/sitio\/wp-content\/uploads\/2024\/11\/OVIEDO-ALEJANDRA.jpg\" alt=\"OVIEDO, Alejandra\">\n            <h3>Alejandra Oviedo<\/h3>\n            <p>Turno Tarde<\/p>\n        <\/div>\n        <div class=\"card\">\n            <img decoding=\"async\" src=\"https:\/\/isfd79-bue.infd.edu.ar\/sitio\/wp-content\/uploads\/2024\/11\/CARRETERO-JORGE-2.jpeg\" alt=\"CARRETERO, Jorge\">\n            <h3>Jorge Carretero<\/h3>\n            <p>Turno Tarde<\/p>\n        <\/div>\n        <div class=\"card\">\n            <img decoding=\"async\" src=\"https:\/\/isfd79-bue.infd.edu.ar\/sitio\/wp-content\/uploads\/2024\/11\/CASCALLAR-NATALIA-2.jpeg\" alt=\"CASCALLAR, Natalia\">\n            <h3>Natalia Cascallar<\/h3>\n            <p>Turno Vespertino<\/p>\n        <\/div>\n        <div class=\"card\">\n            <img decoding=\"async\" src=\"https:\/\/isfd79-bue.infd.edu.ar\/sitio\/wp-content\/uploads\/2024\/11\/SORAIRE-SEBASTIAN.jpeg\" alt=\"SORAIRE, Sebasti\u00e1n\">\n            <h3>Sebasti\u00e1n Soraire<\/h3>\n            <p>Turno Vespertino<\/p>\n        <\/div>\n        <div class=\"card\">\n            <img decoding=\"async\" src=\"https:\/\/isfd79-bue.infd.edu.ar\/sitio\/wp-content\/uploads\/2024\/11\/MALDONADO-FEDERICO-2.jpeg\" alt=\"MALDONADO, Federico\">\n            <h3>Federico Maldonado<\/h3>\n            <p>Turno Vespertino (Anexo)<\/p>\n        <\/div>\n    <\/div>\n\n    <h2>Bibliotecarias<\/h2>\n    <div class=\"container\">\n        <div class=\"card\">\n            <img decoding=\"async\" src=\"https:\/\/isfd79-bue.infd.edu.ar\/sitio\/wp-content\/uploads\/2024\/11\/RODRIGUEZ-ROSANA.jpeg\" alt=\"RODRIGUEZ, Rosana\">\n            <h3>Rosana Rodriguez<\/h3>\n            <p>Turno Ma\u00f1ana<\/p>\n        <\/div>\n        <div class=\"card\">\n            <img decoding=\"async\" src=\"https:\/\/isfd79-bue.infd.edu.ar\/sitio\/wp-content\/uploads\/2024\/11\/OCAMPOS-CRISTINA-2.jpg\" alt=\"OCAMPOS, Cristina Isabel\">\n            <h3>Cristina Isabel Ocampos<\/h3>\n            <p>Turno Tarde<\/p>\n        <\/div>\n        <div class=\"card\">\n            <img decoding=\"async\" src=\"https:\/\/isfd79-bue.infd.edu.ar\/sitio\/wp-content\/uploads\/2024\/11\/NIETO-HERNANDEZ-CRISTINA.jpeg\" alt=\"NIETO HERNANDEZ, Cristina\">\n            <h3>Cristina Nieto Hernandez<\/h3>\n            <p>Turno Vespertino<\/p>\n        <\/div>\n    <\/div>\n\n    <h2>Docentes<\/h2>\n<div class=\"container\">\n    <div class=\"card\">\n        <img decoding=\"async\" src=\"https:\/\/isfd79-bue.infd.edu.ar\/sitio\/wp-content\/uploads\/2024\/11\/VAZQUEZ-JIMENA.jpeg\" alt=\"VAZQUEZ, Jimena\">\n        <h3>Jimena V\u00e1zquez<\/h3>\n    <\/div>\n    <div class=\"card\">\n        <img decoding=\"async\" src=\"https:\/\/isfd79-bue.infd.edu.ar\/sitio\/wp-content\/uploads\/2024\/11\/ZAPATA-MAURO.jpg\" alt=\"ZAPATA, Mauro\">\n        <h3>Mauro Zapata<\/h3>\n    <\/div>\n    <div class=\"card\">\n        <img decoding=\"async\" src=\"https:\/\/isfd79-bue.infd.edu.ar\/sitio\/wp-content\/uploads\/2024\/11\/SANCHO-ELENA.jpeg\" alt=\"SANCHO, Elena\">\n        <h3>Elena Sancho<\/h3>\n    <\/div>\n    <div class=\"card\">\n        <img decoding=\"async\" src=\"https:\/\/isfd79-bue.infd.edu.ar\/sitio\/wp-content\/uploads\/2024\/11\/SIRACUSA-EMILIANO.jpg\" alt=\"SIRACUSA, Emiliano\">\n        <h3>Emiliano Siracusa<\/h3>\n    <\/div>\n    <div class=\"card\">\n        <img decoding=\"async\" src=\"https:\/\/isfd79-bue.infd.edu.ar\/sitio\/wp-content\/uploads\/2024\/11\/AGUILAR-LORENA.jpeg\" alt=\"AGUILAR, Lorena\">\n        <h3>Lorena Aguilar<\/h3>\n    <\/div>\n    <div class=\"card\">\n        <img decoding=\"async\" src=\"https:\/\/isfd79-bue.infd.edu.ar\/sitio\/wp-content\/uploads\/2024\/11\/ANSORENA-JULIANA.jpg\" alt=\"ANSORENA, Juliana\">\n        <h3>Juliana Ansorena<\/h3>\n    <\/div>\n    <div class=\"card\">\n        <img decoding=\"async\" src=\"https:\/\/isfd79-bue.infd.edu.ar\/sitio\/wp-content\/uploads\/2024\/11\/AVALOS-MARI\u0301A-LUJAN.jpeg\" alt=\"AVALOS, Mar\u00eda Lujan\">\n        <h3>Mar\u00eda Luj\u00e1n Avalos<\/h3>\n    <\/div>\n    <div class=\"card\">\n        <img decoding=\"async\" src=\"https:\/\/isfd79-bue.infd.edu.ar\/sitio\/wp-content\/uploads\/2024\/11\/AZPILICUETA-BELEN.jpeg\" alt=\"AZPILICUETA, Bel\u00e9n\">\n        <h3>Bel\u00e9n Azpilicueta<\/h3>\n    <\/div>\n    <div class=\"card\">\n        <img decoding=\"async\" src=\"https:\/\/isfd79-bue.infd.edu.ar\/sitio\/wp-content\/uploads\/2024\/11\/BUSTILLOS-MARI\u0301A-LAURA.jpeg\" alt=\"BUSTILLOS, Mar\u00eda Laura\">\n        <h3>Mar\u00eda Laura Bustillos<\/h3>\n    <\/div>\n    <div class=\"card\">\n        <img decoding=\"async\" src=\"https:\/\/isfd79-bue.infd.edu.ar\/sitio\/wp-content\/uploads\/2024\/11\/BARROS-VIVIANA.jpeg\" alt=\"BARROS, Viviana\">\n        <h3>Viviana Barros<\/h3>\n    <\/div>\n    <div class=\"card\">\n        <img decoding=\"async\" src=\"https:\/\/isfd79-bue.infd.edu.ar\/sitio\/wp-content\/uploads\/2024\/11\/DELGADO-MARCELA.jpg\" alt=\"DELGADO, Marcela\">\n        <h3>Marcela Delgado<\/h3>\n    <\/div>\n    <div class=\"card\">\n        <img decoding=\"async\" src=\"https:\/\/isfd79-bue.infd.edu.ar\/sitio\/wp-content\/uploads\/2024\/11\/ALCHEPO-MARIA-EUGENIA.jpeg\" alt=\"ALCHEPO, Mar\u00eda Eugenia\">\n        <h3>Mar\u00eda Eugenia Alchepo<\/h3>\n    <\/div>\n    <div class=\"card\">\n        <img decoding=\"async\" src=\"https:\/\/isfd79-bue.infd.edu.ar\/sitio\/wp-content\/uploads\/2024\/11\/CAJAL-NORMA.jpeg\" alt=\"CAJAL, Norma\">\n        <h3>Norma Cajal<\/h3>\n    <\/div>\n    <div class=\"card\">\n        <img decoding=\"async\" src=\"https:\/\/isfd79-bue.infd.edu.ar\/sitio\/wp-content\/uploads\/2024\/11\/CACERES-MARTIN.jpeg\" alt=\"CACERES, Martin\">\n        <h3>Martin C\u00e1ceres<\/h3>\n    <\/div>\n    <div class=\"card\">\n        <img decoding=\"async\" src=\"https:\/\/isfd79-bue.infd.edu.ar\/sitio\/wp-content\/uploads\/2024\/11\/ALVARADO-MARCELA.jpeg\" alt=\"ALVARADO, Marcela\">\n        <h3>Marcela Alvarado<\/h3>\n    <\/div>\n    <div class=\"card\">\n        <img decoding=\"async\" src=\"https:\/\/isfd79-bue.infd.edu.ar\/sitio\/wp-content\/uploads\/2024\/11\/CUELI-FLORENCIA.jpeg\" alt=\"CUELI, Florencia\">\n        <h3>Florencia Cueli<\/h3>\n    <\/div>\n    <div class=\"card\">\n        <img decoding=\"async\" src=\"https:\/\/isfd79-bue.infd.edu.ar\/sitio\/wp-content\/uploads\/2024\/11\/GELOS-MELINA.jpg\" alt=\"GELOS, Melina\">\n        <h3>Melina Gelos<\/h3>\n    <\/div>\n    <div class=\"card\">\n        <img decoding=\"async\" src=\"https:\/\/isfd79-bue.infd.edu.ar\/sitio\/wp-content\/uploads\/2024\/11\/HEREDIA-ROCIO.jpeg\" alt=\"HEREDIA, Rocio\">\n        <h3>Rocio Heredia<\/h3>\n    <\/div>\n    <div class=\"card\">\n        <img decoding=\"async\" src=\"https:\/\/isfd79-bue.infd.edu.ar\/sitio\/wp-content\/uploads\/2024\/11\/GIANFRINI-CANDELA.jpeg\" alt=\"GIANFRINI, Candela\">\n        <h3>Candela Gianfrini<\/h3>\n    <\/div>\n    <div class=\"card\">\n        <img decoding=\"async\" src=\"https:\/\/isfd79-bue.infd.edu.ar\/sitio\/wp-content\/uploads\/2024\/11\/MARCOS-CLARA.jpeg\" alt=\"MARCOS, Clara\">\n        <h3>Clara Marcos<\/h3>\n    <\/div>\n    <div class=\"card\">\n        <img decoding=\"async\" src=\"https:\/\/isfd79-bue.infd.edu.ar\/sitio\/wp-content\/uploads\/2024\/11\/OLIVA-GISELLA.jpeg\" alt=\"OLIVA, Gisella\">\n        <h3>Gisella Oliva<\/h3>\n    <\/div>\n    <div class=\"card\">\n        <img decoding=\"async\" src=\"https:\/\/isfd79-bue.infd.edu.ar\/sitio\/wp-content\/uploads\/2024\/11\/MACEDO-GRACIELA.jpg\" alt=\"MACEDO, Graciela\">\n        <h3>Graciela Macedo<\/h3>\n    <\/div>\n    <div class=\"card\">\n        <img decoding=\"async\" src=\"https:\/\/isfd79-bue.infd.edu.ar\/sitio\/wp-content\/uploads\/2024\/11\/MORENO-STELLA-MARIS.jpeg\" alt=\"MORENO, Stella Maris\">\n        <h3>Stella Maris Moreno<\/h3>\n    <\/div>\n    <div class=\"card\">\n        <img decoding=\"async\" src=\"https:\/\/isfd79-bue.infd.edu.ar\/sitio\/wp-content\/uploads\/2024\/11\/GELARDI-FRANCISCO.jpeg\" alt=\"GELARDI, Francisco\">\n        <h3>Francisco Gelardi<\/h3>\n    <\/div>\n    <div class=\"card\">\n        <img decoding=\"async\" src=\"https:\/\/isfd79-bue.infd.edu.ar\/sitio\/wp-content\/uploads\/2024\/11\/ORMACHE-SILVIA.jpeg\" alt=\"ORMACHE, Silvia\">\n        <h3>Silvia Ormache<\/h3>\n    <\/div>\n    <div class=\"card\">\n        <img decoding=\"async\" src=\"https:\/\/isfd79-bue.infd.edu.ar\/sitio\/wp-content\/uploads\/2024\/11\/MARTEL-MARI\u0301A-FERNANDA.jpeg\" alt=\"MARTEL, Mar\u00eda Fernanda\">\n        <h3>Mar\u00eda Fernanda Martel<\/h3>\n    <\/div>\n<div class=\"card\">\n        <img decoding=\"async\" src=\"https:\/\/isfd79-bue.infd.edu.ar\/sitio\/wp-content\/uploads\/2024\/11\/PRADO-FERRE-LUCIA.jpeg\" alt=\"PRADO FERRE, Lucia\">\n        <h3>Lucia Prado Ferre<\/h3>\n    <\/div>\n    <div class=\"card\">\n        <img decoding=\"async\" src=\"https:\/\/isfd79-bue.infd.edu.ar\/sitio\/wp-content\/uploads\/2024\/11\/MOLINA-CAROLINA.jpeg\" alt=\"MOLINA, Carolina\">\n        <h3>Carolina Molina<\/h3>\n    <\/div>\n    <div class=\"card\">\n        <img decoding=\"async\" src=\"https:\/\/isfd79-bue.infd.edu.ar\/sitio\/wp-content\/uploads\/2024\/11\/PONCE-MARI\u0301A-JOSE\u0301.jpeg\" alt=\"PONCE, Mar\u00eda Jos\u00e9\">\n        <h3>Mar\u00eda Jos\u00e9 Ponce<\/h3>\n    <\/div>\n    <div class=\"card\">\n        <img decoding=\"async\" src=\"https:\/\/isfd79-bue.infd.edu.ar\/sitio\/wp-content\/uploads\/2024\/11\/PEREYRA-OLIVEROS-SEBASTIAN.jpeg\" alt=\"PEREYRA OLIVEROS, Sebastian\">\n        <h3>Sebastian Pereyra Oliveros<\/h3>\n    <\/div>\n    <div class=\"card\">\n        <img decoding=\"async\" src=\"https:\/\/isfd79-bue.infd.edu.ar\/sitio\/wp-content\/uploads\/2024\/11\/MAIDANA-MARI\u0301A-VICTORIA.jpeg\" alt=\"MAIDANA, Mar\u00eda Victoria\">\n        <h3>Mar\u00eda Victoria Maidana<\/h3>\n    <\/div>\n    <div class=\"card\">\n        <img decoding=\"async\" src=\"https:\/\/isfd79-bue.infd.edu.ar\/sitio\/wp-content\/uploads\/2024\/11\/BORRA-CLAUDIA.jpeg\" alt=\"BORRA, Claudia\">\n        <h3>Claudia Borra<\/h3>\n    <\/div>\n    <div class=\"card\">\n        <img decoding=\"async\" src=\"https:\/\/isfd79-bue.infd.edu.ar\/sitio\/wp-content\/uploads\/2024\/11\/MAZZEO-ANA-LAURA.jpeg\" alt=\"MAZZEO, Ana Laura\">\n        <h3>Ana Laura Mazzeo<\/h3>\n    <\/div>\n    <div class=\"card\">\n        <img decoding=\"async\" src=\"https:\/\/isfd79-bue.infd.edu.ar\/sitio\/wp-content\/uploads\/2024\/11\/SANCHEZ-BIBIANA.jpeg\" alt=\"SANCHEZ, Bibiana\">\n        <h3>Bibiana Sanchez<\/h3>\n    <\/div>\n    <div class=\"card\">\n        <img decoding=\"async\" src=\"https:\/\/isfd79-bue.infd.edu.ar\/sitio\/wp-content\/uploads\/2024\/11\/SANCHO-ELENA.jpeg\" alt=\"SANCHO, Elena\">\n        <h3>Elena Sancho<\/h3>\n    <\/div>\n    <div class=\"card\">\n        <img decoding=\"async\" src=\"https:\/\/isfd79-bue.infd.edu.ar\/sitio\/wp-content\/uploads\/2024\/11\/VEIGA-CELESTE-scaled.jpeg\" alt=\"VEIGA, Celeste\">\n        <h3>Celeste Veiga<\/h3>\n    <\/div>\n    <div class=\"card\">\n        <img decoding=\"async\" src=\"https:\/\/isfd79-bue.infd.edu.ar\/sitio\/wp-content\/uploads\/2024\/11\/MAYO-FABIANA.jpeg\" alt=\"MAYO, Fabiana\">\n        <h3>Fabiana Mayo<\/h3>\n    <\/div>\n\n    <div class=\"card\">\n        <img decoding=\"async\" src=\"https:\/\/isfd79-bue.infd.edu.ar\/sitio\/wp-content\/uploads\/2024\/11\/VALERIO-CAROLINA.jpeg\" alt=\"VALERIO, Carolina\">\n        <h3>Carolina Valerio<\/h3>\n    <\/div>\n    <div class=\"card\">\n        <img decoding=\"async\" src=\"https:\/\/isfd79-bue.infd.edu.ar\/sitio\/wp-content\/uploads\/2024\/11\/RIESCO-SANDRA.jpeg\" alt=\"RIESCO, Sandra\">\n        <h3>Sandra Riesco<\/h3>\n    <\/div>\n    <div class=\"card\">\n        <img decoding=\"async\" src=\"https:\/\/isfd79-bue.infd.edu.ar\/sitio\/wp-content\/uploads\/2024\/11\/MOZZONI-PAOLA.jpeg\" alt=\"MOZZONI, Paola\">\n        <h3>Paola Mozzoni<\/h3>\n    <\/div>\n    <div class=\"card\">\n        <img decoding=\"async\" src=\"https:\/\/isfd79-bue.infd.edu.ar\/sitio\/wp-content\/uploads\/2024\/11\/RODRIGUEZ-VANESSA.jpeg\" alt=\"RODRIGUEZ, Vanessa\">\n        <h3>Vanessa Rodriguez<\/h3>\n    <\/div>\n    <div class=\"card\">\n        <img decoding=\"async\" src=\"https:\/\/isfd79-bue.infd.edu.ar\/sitio\/wp-content\/uploads\/2024\/11\/QUIROGA-AMERICA-DEL-VALLE.jpg\" alt=\"QUIROGA, Am\u00e9rica del Valle\">\n        <h3>Am\u00e9rica del Valle Quiroga<\/h3>\n    <\/div>\n    <div class=\"card\">\n        <img decoding=\"async\" src=\"https:\/\/isfd79-bue.infd.edu.ar\/sitio\/wp-content\/uploads\/2024\/11\/ZAPATA-MAURO.jpg\" alt=\"ZAPATA, Mauro\">\n        <h3>Mauro Zapata<\/h3>\n    <\/div>\n    <div class=\"card\">\n        <img decoding=\"async\" src=\"https:\/\/isfd79-bue.infd.edu.ar\/sitio\/wp-content\/uploads\/2024\/11\/SIRACUSA-EMILIANO.jpg\" alt=\"SIRACUSA, Emiliano\">\n        <h3>Emiliano Siracusa<\/h3>\n    <\/div>\n    <div class=\"card\">\n        <img decoding=\"async\" src=\"https:\/\/isfd79-bue.infd.edu.ar\/sitio\/wp-content\/uploads\/2024\/11\/MANFREDI-CLAUDIA-scaled.jpg\" alt=\"MANFREDI, Claudia\">\n        <h3>Claudia Manfredi<\/h3>\n    <\/div>\n<\/div>\n\n<div class=\"container-no-img\">\n    <div class=\"card-no-img\">\n        <h3>ACOSTA, Luis Alberto<\/h3>\n    <\/div>\n    <div class=\"card-no-img\">\n        <h3>AGUSTI\u00d1O, Anal\u00eda<\/h3>\n    <\/div>\n    <div class=\"card-no-img\">\n        <h3>ALAMO, Mat\u00edas Alejandro<\/h3>\n    <\/div>\n    <div class=\"card-no-img\">\n        <h3>ARANCIBIA, Juan<\/h3>\n    <\/div>\n    <div class=\"card-no-img\">\n        <h3>ARRO, Liliana<\/h3>\n    <\/div>\n    <div class=\"card-no-img\">\n        <h3>AVEIRO, Mart\u00edn<\/h3>\n    <\/div>\n    <div class=\"card-no-img\">\n        <h3>BAIGORRIA, Laura<\/h3>\n    <\/div>\n    <div class=\"card-no-img\">\n        <h3>BAMBACI, Yanina<\/h3>\n    <\/div>\n    <div class=\"card-no-img\">\n        <h3>BAZA, Laura<\/h3>\n    <\/div>\n    <div class=\"card-no-img\">\n        <h3>BEQUI, Vanessa<\/h3>\n    <\/div>\n    <div class=\"card-no-img\">\n        <h3>BLASCO, Jorge Alejandro<\/h3>\n    <\/div>\n    <div class=\"card-no-img\">\n        <h3>BONINO, Natalia<\/h3>\n    <\/div>\n    <div class=\"card-no-img\">\n        <h3>BRITOS, Malena<\/h3>\n    <\/div>\n    <div class=\"card-no-img\">\n        <h3>CANESE, Matilde<\/h3>\n    <\/div>\n    <div class=\"card-no-img\">\n        <h3>CANUTTI, Mar\u00eda Eva<\/h3>\n    <\/div>\n    <div class=\"card-no-img\">\n        <h3>CARDESA, H\u00e9ctor Mart\u00edn<\/h3>\n    <\/div>\n    <div class=\"card-no-img\">\n        <h3>CARLINO, Candela<\/h3>\n    <\/div>\n    <div class=\"card-no-img\">\n        <h3>CHACON ALDANA, Flora Benita<\/h3>\n    <\/div>\n    <div class=\"card-no-img\">\n        <h3>CHALIER, Gustavo<\/h3>\n    <\/div>\n    <div class=\"card-no-img\">\n        <h3>COLMAN, Pablo Jes\u00fas<\/h3>\n    <\/div>\n    <div class=\"card-no-img\">\n        <h3>CONDORI, Noelia Mariel<\/h3>\n    <\/div>\n    <div class=\"card-no-img\">\n        <h3>CORREA, Laureano<\/h3>\n    <\/div>\n    <div class=\"card-no-img\">\n        <h3>CORREA, Mariana<\/h3>\n    <\/div>\n    <div class=\"card-no-img\">\n        <h3>COSTANZO, Jorge Gabriel<\/h3>\n    <\/div>\n    <div class=\"card-no-img\">\n        <h3>CRUDELLI, Maximiliano<\/h3>\n    <\/div>\n    <div class=\"card-no-img\">\n        <h3>DIAZ, Gabriela Ayel\u00e9n<\/h3>\n    <\/div>\n    <div class=\"card-no-img\">\n        <h3>DIAZ, Roxana del Carmen<\/h3>\n    <\/div>\n    <div class=\"card-no-img\">\n        <h3>DIEGO, Mariano Emmanuel<\/h3>\n    <\/div>\n    <div class=\"card-no-img\">\n        <h3>DONATO, Fabi\u00e1n<\/h3>\n    <\/div>\n    <div class=\"card-no-img\">\n        <h3>DUBOIS, Leonela<\/h3>\n    <\/div>\n    <div class=\"card-no-img\">\n        <h3>ETCHANDY, Fernando<\/h3>\n    <\/div>\n    <div class=\"card-no-img\">\n        <h3>GERBINO, Carla Julieta<\/h3>\n    <\/div>\n    <div class=\"card-no-img\">\n        <h3>GOMEZ PE\u00d1A, Josefina<\/h3>\n    <\/div>\n    <div class=\"card-no-img\">\n        <h3>GOMEZ, Lorena<\/h3>\n    <\/div>\n    <div class=\"card-no-img\">\n        <h3>GOMEZ, Rosana Noemi<\/h3>\n    <\/div>\n    <div class=\"card-no-img\">\n        <h3>GONZALEZ, Mariel<\/h3>\n    <\/div>\n    <div class=\"card-no-img\">\n        <h3>GONZALEZ, Miriam Betina<\/h3>\n    <\/div>\n    <div class=\"card-no-img\">\n        <h3>GONZALEZ, Stella Mariana<\/h3>\n    <\/div>\n    <div class=\"card-no-img\">\n        <h3>JACOBI, Alejandra<\/h3>\n    <\/div>\n    <div class=\"card-no-img\">\n        <h3>JUNCIEL, Gustavo<\/h3>\n    <\/div>\n    <div class=\"card-no-img\">\n        <h3>LAMAS ARCE, Myriam Magdalena<\/h3>\n    <\/div>\n    <div class=\"card-no-img\">\n        <h3>LIPPELD, Mar\u00eda P\u00eda<\/h3>\n    <\/div>\n    <div class=\"card-no-img\">\n        <h3>LLAR\u00cdA, Valeria<\/h3>\n    <\/div>\n    <div class=\"card-no-img\">\n        <h3>LOPEZ RUEDA, Mar\u00eda Eugenia<\/h3>\n    <\/div>\n    <div class=\"card-no-img\">\n        <h3>MANFREDI, Matilde<\/h3>\n    <\/div>\n    <div class=\"card-no-img\">\n        <h3>MARADONA, Guillermina<\/h3>\n    <\/div>\n    <div class=\"card-no-img\">\n        <h3>MARTIN, Alejandro<\/h3>\n    <\/div>\n    <div class=\"card-no-img\">\n        <h3>MARTIN, Mariana<\/h3>\n    <\/div>\n    <div class=\"card-no-img\">\n        <h3>MARTINEZ, Nahuel<\/h3>\n    <\/div>\n    <div class=\"card-no-img\">\n        <h3>MAS, Mar\u00eda Celeste<\/h3>\n    <\/div>\n    <div class=\"card-no-img\">\n        <h3>MATIAS, Ra\u00fal<\/h3>\n    <\/div>\n    <div class=\"card-no-img\">\n        <h3>MAZA, Mar\u00eda Natalia<\/h3>\n    <\/div>\n    <div class=\"card-no-img\">\n        <h3>MEDINA, Ana Paola<\/h3>\n    <\/div>\n    <div class=\"card-no-img\">\n        <h3>MEDINA DUSCHER, Claudia<\/h3>\n    <\/div>\n    <div class=\"card-no-img\">\n        <h3>MEJIAS, Eliana Jesabel<\/h3>\n    <\/div>\n    <div class=\"card-no-img\">\n        <h3>MIRALLES, Mariana Nora<\/h3>\n    <\/div>\n    <div class=\"card-no-img\">\n        <h3>MORALES, Cinthya<\/h3>\n    <\/div>\n    <div class=\"card-no-img\">\n        <h3>MU\u00d1OZ, Roberto Carlos<\/h3>\n    <\/div>\n    <div class=\"card-no-img\">\n        <h3>NONDEDEU, Norma Ivana<\/h3>\n    <\/div>\n    <div class=\"card-no-img\">\n        <h3>ORTIZ CORDOBA, Christian<\/h3>\n    <\/div>\n    <div class=\"card-no-img\">\n        <h3>PEREYRA OLIVEROS, Edgardo S.<\/h3>\n    <\/div>\n    <div class=\"card-no-img\">\n        <h3>PEREYRA OLIVEROS, Nahuel<\/h3>\n    <\/div>\n    <div class=\"card-no-img\">\n        <h3>REYNAGA, Sonia<\/h3>\n    <\/div>\n    <div class=\"card-no-img\">\n        <h3>RIVAS, Mariana<\/h3>\n    <\/div>\n    <div class=\"card-no-img\">\n        <h3>ROMANO, Ra\u00fal<\/h3>\n    <\/div>\n    <div class=\"card-no-img\">\n        <h3>ROMERO, Liliana Beatriz<\/h3>\n    <\/div>\n    <div class=\"card-no-img\">\n        <h3>SALVIDIA, Nora<\/h3>\n    <\/div>\n    <div class=\"card-no-img\">\n        <h3>SANCHEZ, Patricia<\/h3>\n    <\/div>\n    <div class=\"card-no-img\">\n        <h3>SANTILONI, Silvina<\/h3>\n    <\/div>\n    <div class=\"card-no-img\">\n        <h3>SANTUCHO, Anal\u00eda<\/h3>\n    <\/div>\n    <div class=\"card-no-img\">\n        <h3>SARMIENTO, Gabriela<\/h3>\n    <\/div>\n    <div class=\"card-no-img\">\n        <h3>SAVIOLI, Lorena<\/h3>\n    <\/div>\n    <div class=\"card-no-img\">\n        <h3>SCARPA, Gabriela<\/h3>\n    <\/div>\n    <div class=\"card-no-img\">\n        <h3>SCARPACI, Pablo<\/h3>\n    <\/div>\n    <div class=\"card-no-img\">\n        <h3>SOLIS, Graciela<\/h3>\n    <\/div>\n    <div class=\"card-no-img\">\n        <h3>SOTELO, Flavia<\/h3>\n    <\/div>\n    <div class=\"card-no-img\">\n        <h3>SPEZIALE, Melisa<\/h3>\n    <\/div>\n    <div class=\"card-no-img\">\n        <h3>TAFFETANI, Myrna Rosa<\/h3>\n    <\/div>\n    <div class=\"card-no-img\">\n        <h3>VACCA, Esteban<\/h3>\n    <\/div>\n    <div class=\"card-no-img\">\n        <h3>VIDAL, Gabriela<\/h3>\n    <\/div>\n    <div class=\"card-no-img\">\n        <h3>VIZGARRA, Virginia<\/h3>\n    <\/div>\n    <div class=\"card-no-img\">\n        <h3>VOCOS, Marta<\/h3>\n    <\/div>\n    <div class=\"card-no-img\">\n        <h3>YELICICH, Gabriela<\/h3>\n    <\/div>\n    <!-- Contin\u00faa agregando m\u00e1s docentes seg\u00fan la lista proporcionada -->\n<\/div>\n\n<\/body>\n<\/html>\n","protected":false},"excerpt":{"rendered":"<p>Autoridades del Instituto 79 Autoridades del Instituto 79 Equipo de Conducci\u00f3n Dra. Silvia In\u00e9s Zorzi Brizuela Directora Prof. Mar\u00eda Jos\u00e9 Blanco Vicedirectora Prof. Romina Birsa Regente Prof. Cristian Milillo Secretario a\/cargo Lic. M\u00f3nica Rodriguez Jefe de \u00c1rea Preceptores Mar\u00eda Isabel Correa Turno Ma\u00f1ana Lucas David Stebe Turno Ma\u00f1ana y Vespertino Alejandra Oviedo Turno Tarde Jorge &#8230; <a title=\"Docentes\" class=\"read-more\" href=\"https:\/\/isfd79-bue.infd.edu.ar\/sitio\/docentes-2\/\" aria-label=\"More on Docentes\">[+]<\/a><\/p>\n","protected":false},"author":126,"featured_media":0,"parent":0,"menu_order":0,"comment_status":"closed","ping_status":"closed","template":"","meta":[],"acf":[],"_links":{"self":[{"href":"https:\/\/isfd79-bue.infd.edu.ar\/sitio\/wp-json\/wp\/v2\/pages\/1214"}],"collection":[{"href":"https:\/\/isfd79-bue.infd.edu.ar\/sitio\/wp-json\/wp\/v2\/pages"}],"about":[{"href":"https:\/\/isfd79-bue.infd.edu.ar\/sitio\/wp-json\/wp\/v2\/types\/page"}],"author":[{"embeddable":true,"href":"https:\/\/isfd79-bue.infd.edu.ar\/sitio\/wp-json\/wp\/v2\/users\/126"}],"replies":[{"embeddable":true,"href":"https:\/\/isfd79-bue.infd.edu.ar\/sitio\/wp-json\/wp\/v2\/comments?post=1214"}],"version-history":[{"count":7,"href":"https:\/\/isfd79-bue.infd.edu.ar\/sitio\/wp-json\/wp\/v2\/pages\/1214\/revisions"}],"predecessor-version":[{"id":1326,"href":"https:\/\/isfd79-bue.infd.edu.ar\/sitio\/wp-json\/wp\/v2\/pages\/1214\/revisions\/1326"}],"wp:attachment":[{"href":"https:\/\/isfd79-bue.infd.edu.ar\/sitio\/wp-json\/wp\/v2\/media?parent=1214"}],"curies":[{"name":"wp","href":"https:\/\/api.w.org\/{rel}","templated":true}]}}